{"id":574,"date":"2021-08-18T18:25:16","date_gmt":"2021-08-18T18:25:16","guid":{"rendered":"https:\/\/vrl-legal.com\/termos-e-condicoes\/"},"modified":"2021-09-10T16:18:15","modified_gmt":"2021-09-10T16:18:15","slug":"termos-e-condicoes","status":"publish","type":"page","link":"https:\/\/vrl-legal.com\/pt-pt\/termos-e-condicoes\/","title":{"rendered":"Termos e Condi\u00e7\u00f5es"},"content":{"rendered":"[mk_page_section bg_image=&#8221;https:\/\/vrl-legal.com\/wp-content\/uploads\/2021\/05\/vrl-lawyer-home-6.jpg&#8221; attachment=&#8221;fixed&#8221; bg_position=&#8221;right bottom&#8221; bg_repeat=&#8221;no-repeat&#8221; bg_stretch=&#8221;true&#8221; enable_3d=&#8221;true&#8221; bg_gradient=&#8221;vertical&#8221; video_color_mask=&#8221;#000000&#8243; gr_end=&#8221;rgba(0,0,0,0)&#8221; video_opacity=&#8221;0.2&#8243; min_height=&#8221;0&#8243; full_height=&#8221;true&#8221; padding_top=&#8221;0&#8243; padding_bottom=&#8221;0&#8243; top_shape_color=&#8221;#ffffff&#8221; bottom_shape_color=&#8221;#ffffff&#8221; sidebar=&#8221;sidebar-1&#8243;][vc_column][mk_fancy_title color=&#8221;#ffffff&#8221; size=&#8221;36&#8243; force_font_size=&#8221;true&#8221; size_phone=&#8221;20&#8243; font_weight=&#8221;400&#8243; txt_transform=&#8221;uppercase&#8221; letter_spacing=&#8221;4&#8243; font_family=&#8221;none&#8221;]Termos &amp; Condi\u00e7\u00f5es[\/mk_fancy_title][mk_fancy_title color=&#8221;#ffffff&#8221; size=&#8221;13&#8243; force_font_size=&#8221;true&#8221; size_phone=&#8221;10&#8243; font_weight=&#8221;400&#8243; txt_transform=&#8221;uppercase&#8221; letter_spacing=&#8221;4&#8243; font_family=&#8221;Raleway&#8221; font_type=&#8221;google&#8221;]Por favor, leia os termos e condi\u00e7\u00f5es do nosso site.[\/mk_fancy_title][mk_padding_divider size=&#8221;200&#8243;][\/vc_column][\/mk_page_section][vc_row][vc_column][mk_padding_divider size=&#8221;150&#8243;][vc_column_text disable_pattern=&#8221;false&#8221; css=&#8221;.vc_custom_1610651767251{margin-bottom: 0px !important;}&#8221;]LEIA ESTES TERMOS DE UTILIZA\u00c7\u00c3O ANTES DE UTILIZAR ESTE SITE.<\/p>\n<p>AO CONTINUAR A UTILIZAR ESTE SITE, VOC\u00ca CONCORDA COM ESTES TERMOS DE UTILIZA\u00c7\u00c3O, AL\u00c9M DA POL\u00cdTICA DE PRIVACIDADE E DA POL\u00cdTICA DE COOKIES DA VRL.[\/vc_column_text][vc_column_text disable_pattern=&#8221;false&#8221; css=&#8221;.vc_custom_1620311168045{margin-bottom: 0px !important;}&#8221;]Qualquer pessoa ou entidade que acesse ou utilize este site (doravante \u201cUsu\u00e1rio\u201d) reconhece que, ao acessar e usar este site, aceita estes Termos de Uso, Pol\u00edtica de Privacidade e Pol\u00edtica de Cookies.<\/p>\n<p>Nossa Pol\u00edtica de Privacidade e Cookies est\u00e1 dispon\u00edvel <a href=\"https:\/\/vrl-legal.com\/pt-pt\/politica-de-privacidade\/\">aqui<\/a>.<\/p>\n<p>&nbsp;<\/p>\n<p><strong>Website<\/strong><\/p>\n<p>Este site pertence e \u00e9 operado por Vanessa Rodrigues Lima, e est\u00e1 acess\u00edvel em <a href=\"http:\/\/www.vrl-legal.com\">www.vrl-legal.com<\/a>\u00a0(\u201cWebsite\u201d).<\/p>\n<p>Estes Termos de Uso regem o acesso e uso deste site.<\/p>\n<p><strong>\u00a0<\/strong><\/p>\n<p><strong>Direito de propriedade intelectual<\/strong><\/p>\n<p>O usu\u00e1rio reconhece que o conte\u00fado deste site est\u00e1 sujeito a direitos de propriedade intelectual e se compromete a n\u00e3o infringir tais direitos. Todos os direitos relativos a este site s\u00e3o propriedade exclusiva da VRL.<\/p>\n<p>O usu\u00e1rio recebe uma licen\u00e7a limitada para fins de visualiza\u00e7\u00e3o do material contido neste site.<\/p>\n<p>O usu\u00e1rio est\u00e1 restrito a:<\/p>\n<ul>\n<li>Publicar qualquer material do site em qualquer outra m\u00eddia ou site;<\/li>\n<li>Distribui\u00e7\u00e3o, reprodu\u00e7\u00e3o, armazenamento permanente ou transmiss\u00e3o dos conte\u00fados deste site;<\/li>\n<li>Cria\u00e7\u00e3o de um site que enquadra o site da VRL ou qualquer marca comercial ou informa\u00e7\u00e3o propriet\u00e1ria localizada no sit;<\/li>\n<li>Vender, sublicenciar e \/ ou de outra forma comercializar qualquer material do site;<\/li>\n<li>Executar e \/ ou mostrar publicamente qualquer material do site;<\/li>\n<li>Usar este site de qualquer forma que seja ou possa ser prejudicial a ele;<\/li>\n<li>Usar este site de qualquer forma que afete o acesso do usu\u00e1rio a este site;<\/li>\n<li>O uso deste site contr\u00e1rio \u00e0s leis e regulamentos aplic\u00e1veis \u200b\u200bou de qualquer forma pode causar danos ao site ou a qualquer pessoa ou entidade comercial;<\/li>\n<li>Envolver-se em qualquer minera\u00e7\u00e3o de dados, coleta de dados, extra\u00e7\u00e3o de dados ou qualquer outra atividade semelhante em rela\u00e7\u00e3o a este site;<\/li>\n<li>Using this website to engage in any advertising or marketing.<\/li>\n<\/ul>\n<p>O conte\u00fado deste site, incluindo quaisquer imagens, n\u00e3o pode ser reproduzido sem o consentimento pr\u00e9vio por escrito da VRL.<\/p>\n<p>Design, layout, marcas registradas e logotipos que aparecem neste site, exceto quando indicado de outra forma, s\u00e3o marcas registradas de propriedade ou usadas sob licen\u00e7a pela VRL. O uso ou uso indevido dessas marcas ou de qualquer outro conte\u00fado deste site \u00e9 estritamente proibido.<\/p>\n<p>Nada contido no site deve ser interpretado como concess\u00e3o, por implica\u00e7\u00e3o, preclus\u00e3o ou de outra forma, qualquer licen\u00e7a ou direito de usar qualquer marca registrada VRL sem permiss\u00e3o pr\u00e9via por escrito.<\/p>\n<p><strong>\u00a0<\/strong><\/p>\n<p><strong>Acesso ao site<\/strong><\/p>\n<p>A VRL tem o direito de suspender ou encerrar o acesso ao site, de forma permanente ou tempor\u00e1ria e parcial ou totalmente, sem aviso pr\u00e9vio.<\/p>\n<p>&nbsp;<\/p>\n<p><strong>Atualiza\u00e7\u00f5es e Validade<\/strong><\/p>\n<p>A VRL reserva-se o direito de alterar estes Termos de Uso, sua Pol\u00edtica de Privacidade e Cookies sem pr\u00e9vio aviso. Sugerimos que cada usu\u00e1rio verifique periodicamente esta p\u00e1gina da web para obter quaisquer altera\u00e7\u00f5es.<\/p>\n<p>No caso de qualquer disposi\u00e7\u00e3o destes Termos de Uso violar a lei, o restante destes Termos de Uso n\u00e3o ser\u00e1 afetado.<\/p>\n<p>&nbsp;<\/p>\n<p><strong>Dados pessoais<\/strong><\/p>\n<p>A VRL est\u00e1 empenhada em proteger a sua privacidade.<\/p>\n<p>Our Privacy and Cookie Policy governs the collection and treatment of User or Personal Data.<\/p>\n<p>A navega\u00e7\u00e3o neste site n\u00e3o implica o fornecimento de dados pessoais. No entanto, este site cont\u00e9m formul\u00e1rios para nos contactar ou para se candidatar a uma vaga de emprego. O preenchimento desses formul\u00e1rios levar\u00e1 \u00e0 coleta de dados pessoais.<\/p>\n<p>&nbsp;<\/p>\n<p><strong>Conte\u00fado de terceiros<\/strong><\/p>\n<p>Os links contidos neste site podem levar a sites de terceiros. A VRL n\u00e3o \u00e9 respons\u00e1vel pelo conte\u00fado de tais sites ou altera\u00e7\u00f5es ou atualiza\u00e7\u00f5es feitas em tais sites. O uso de tais links \u00e9 feito por conta e risco do usu\u00e1rio.<\/p>\n<p>&nbsp;<\/p>\n<p><strong>Seguran\u00e7a<\/strong><\/p>\n<p>\u00c9 responsabilidade do usu\u00e1rio garantir que o equipamento utilizado para acessar este site esteja protegido contra v\u00edrus de computador e outros softwares maliciosos. A VRL n\u00e3o \u00e9 respons\u00e1vel por qualquer dano resultante de qualquer v\u00edrus ou software malicioso que possa afetar o computador ou a rede de um usu\u00e1rio, ou quaisquer outros ativos, devido ao acesso ao site da VRL.<\/p>\n<p>&nbsp;<\/p>\n<p><strong>Em forma\u00e7\u00e3o<\/strong><\/p>\n<p>Os conte\u00fados deste site s\u00e3o publicados com o objetivo de fornecer informa\u00e7\u00f5es de car\u00e1ter geral e n\u00e3o constituem a presta\u00e7\u00e3o de servi\u00e7os jur\u00eddicos. A VRL n\u00e3o se responsabiliza por quaisquer perdas ou danos decorrentes do uso das informa\u00e7\u00f5es contidas neste site. Qualquer informa\u00e7\u00e3o pode conter erros ou imprecis\u00f5es.<\/p>\n<p><strong>\u00a0<\/strong><\/p>\n<p><strong>Lei aplic\u00e1vel<\/strong><\/p>\n<p>As presentes Condi\u00e7\u00f5es Gerais de Utiliza\u00e7\u00e3o regem-se pela Lei Portuguesa. Qualquer lit\u00edgio deve ser submetido aos Tribunais Judiciais de Portugal.[\/vc_column_text][mk_padding_divider size=&#8221;160&#8243;][\/vc_column][\/vc_row][mk_page_section bg_color=&#8221;#1b1d21&#8243; min_height=&#8221;20&#8243; js_vertical_centered=&#8221;true&#8221; sidebar=&#8221;sidebar-1&#8243;][vc_column width=&#8221;1\/2&#8243;][mk_padding_divider size=&#8221;10&#8243;][vc_column_text css=&#8221;.vc_custom_1620390171240{margin-bottom: 0px !important;}&#8221;]<span style=\"font-size: 14px; color: #ffffff;\"><a style=\"color: #ffffff;\" href=\"https:\/\/vrl-legal.com\/pt-pt\/contacto\/\">Contactos<\/a>\u00a0 \u00a0|\u00a0 \u00a0<a style=\"color: #ffffff;\" href=\"https:\/\/vrl-legal.com\/pt-pt\/termos-e-condicoes\/\">Termos e Condi\u00e7\u00f5es<\/a>\u00a0 \u00a0|\u00a0 \u00a0<a style=\"color: #ffffff;\" href=\"https:\/\/vrl-legal.com\/pt-pt\/politica-de-privacidade\/\">Pol\u00edtica de Privacidade<\/a><br \/>\n<\/span><em><span style=\"font-size: 12px; color: #bfbfbf;\">Responsabilidade Limitada.<\/span><\/em>[\/vc_column_text][\/vc_column][vc_column width=&#8221;1\/4&#8243;][\/vc_column][vc_column width=&#8221;1\/4&#8243;][mk_padding_divider size=&#8221;10&#8243;][mk_font_icons icon=&#8221;mk-icon-linkedin&#8221; color=&#8221;#ffffff&#8221; size=&#8221;medium&#8221; margin_horizental=&#8221;0&#8243; margin_vertical=&#8221;0&#8243; align=&#8221;right&#8221; link=&#8221;https:\/\/www.linkedin.com\/in\/vanessa-rodrigues-lima\/&#8221; target=&#8221;_blank&#8221;][\/vc_column][\/mk_page_section]\n","protected":false},"excerpt":{"rendered":"<p>[mk_page_section bg_image=&#8221;https:\/\/vrl-legal.com\/wp-content\/uploads\/2021\/05\/vrl-lawyer-home-6.jpg&#8221; attachment=&#8221;fixed&#8221; bg_position=&#8221;right bottom&#8221; bg_repeat=&#8221;no-repeat&#8221; bg_stretch=&#8221;true&#8221; enable_3d=&#8221;true&#8221; bg_gradient=&#8221;vertical&#8221; video_color_mask=&#8221;#000000&#8243; gr_end=&#8221;rgba(0,0,0,0)&#8221; video_opacity=&#8221;0.2&#8243; min_height=&#8221;0&#8243; full_height=&#8221;true&#8221; padding_top=&#8221;0&#8243; padding_bottom=&#8221;0&#8243; top_shape_color=&#8221;#ffffff&#8221; bottom_shape_color=&#8221;#ffffff&#8221; sidebar=&#8221;sidebar-1&#8243;][vc_column][mk_fancy_title color=&#8221;#ffffff&#8221; size=&#8221;36&#8243; force_font_size=&#8221;true&#8221; size_phone=&#8221;20&#8243; font_weight=&#8221;400&#8243; txt_transform=&#8221;uppercase&#8221; letter_spacing=&#8221;4&#8243; font_family=&#8221;none&#8221;]Termos &amp; Condi\u00e7\u00f5es[\/mk_fancy_title][mk_fancy_title color=&#8221;#ffffff&#8221; size=&#8221;13&#8243; force_font_size=&#8221;true&#8221; size_phone=&#8221;10&#8243; font_weight=&#8221;400&#8243; txt_transform=&#8221;uppercase&#8221; letter_spacing=&#8221;4&#8243; font_family=&#8221;Raleway&#8221; font_type=&#8221;google&#8221;]Por favor, leia os termos e condi\u00e7\u00f5es do nosso site.[\/mk_fancy_title][mk_padding_divider size=&#8221;200&#8243;][\/vc_column][\/mk_page_section][vc_row][vc_column][mk_padding_divider size=&#8221;150&#8243;][vc_column_text disable_pattern=&#8221;false&#8221; css=&#8221;.vc_custom_1610651767251{margin-bottom: 0px !important;}&#8221;]LEIA ESTES TERMOS [&hellip;]<\/p>\n","protected":false},"author":1,"featured_media":0,"parent":0,"menu_order":0,"comment_status":"closed","ping_status":"closed","template":"","meta":{"_mi_skip_tracking":false},"_links":{"self":[{"href":"https:\/\/vrl-legal.com\/pt-pt\/wp-json\/wp\/v2\/pages\/574"}],"collection":[{"href":"https:\/\/vrl-legal.com\/pt-pt\/wp-json\/wp\/v2\/pages"}],"about":[{"href":"https:\/\/vrl-legal.com\/pt-pt\/wp-json\/wp\/v2\/types\/page"}],"author":[{"embeddable":true,"href":"https:\/\/vrl-legal.com\/pt-pt\/wp-json\/wp\/v2\/users\/1"}],"replies":[{"embeddable":true,"href":"https:\/\/vrl-legal.com\/pt-pt\/wp-json\/wp\/v2\/comments?post=574"}],"version-history":[{"count":3,"href":"https:\/\/vrl-legal.com\/pt-pt\/wp-json\/wp\/v2\/pages\/574\/revisions"}],"predecessor-version":[{"id":588,"href":"https:\/\/vrl-legal.com\/pt-pt\/wp-json\/wp\/v2\/pages\/574\/revisions\/588"}],"wp:attachment":[{"href":"https:\/\/vrl-legal.com\/pt-pt\/wp-json\/wp\/v2\/media?parent=574"}],"curies":[{"name":"wp","href":"https:\/\/api.w.org\/{rel}","templated":true}]}}