{"id":523,"date":"2021-08-18T12:36:50","date_gmt":"2021-08-18T12:36:50","guid":{"rendered":"https:\/\/vrl-legal.com\/areas-de-especializacao\/"},"modified":"2021-08-23T16:34:20","modified_gmt":"2021-08-23T16:34:20","slug":"areas-de-especializacao","status":"publish","type":"page","link":"https:\/\/vrl-legal.com\/pt-pt\/areas-de-especializacao\/","title":{"rendered":"\u00c1reas de Especializa\u00e7\u00e3o"},"content":{"rendered":"[mk_page_section bg_image=&#8221;https:\/\/vrl-legal.com\/wp-content\/uploads\/2021\/05\/vrl-lawyer-areas-1.jpg&#8221; bg_color=&#8221;#f1ede2&#8243; bg_repeat=&#8221;no-repeat&#8221; bg_stretch=&#8221;true&#8221; enable_3d=&#8221;true&#8221; bg_gradient=&#8221;vertical&#8221; video_color_mask=&#8221;rgba(0,0,0,0)&#8221; gr_end=&#8221;#000000&#8243; video_opacity=&#8221;0.3&#8243; full_height=&#8221;true&#8221; sidebar=&#8221;sidebar-1&#8243;][vc_column width=&#8221;1\/6&#8243;][\/vc_column][vc_column width=&#8221;5\/6&#8243;][mk_padding_divider size=&#8221;80&#8243; visibility=&#8221;visible-sm&#8221;][mk_fancy_title tag_name=&#8221;h1&#8243; color=&#8221;#ffffff&#8221; size=&#8221;45&#8243; force_font_size=&#8221;true&#8221; font_weight=&#8221;400&#8243; margin_bottom=&#8221;0&#8243; font_family=&#8221;none&#8221; align=&#8221;right&#8221;]<em>\u201cImigra\u00e7\u00e3o, Investimento e Clientes Privados s\u00e3o as \u00e1reas de atua\u00e7\u00e3o jur\u00eddica em foco. \u00c9 nisto que Eu sou boa. \u00c9 o que me faz feliz e realizada.\u201d<\/em>[\/mk_fancy_title][mk_fancy_title tag_name=&#8221;h3&#8243; color=&#8221;#ffffff&#8221; font_weight=&#8221;400&#8243; txt_transform=&#8221;uppercase&#8221; letter_spacing=&#8221;5&#8243; margin_bottom=&#8221;0&#8243; font_family=&#8221;none&#8221; align=&#8221;right&#8221;]VANESSA RODRIGUES LIMA[\/mk_fancy_title][\/vc_column][\/mk_page_section][mk_page_section padding_top=&#8221;80&#8243; padding_bottom=&#8221;100&#8243; sidebar=&#8221;sidebar-1&#8243;][vc_column][mk_fancy_title tag_name=&#8221;h3&#8243; color=&#8221;#7f1f51&#8243; font_weight=&#8221;400&#8243; txt_transform=&#8221;uppercase&#8221; letter_spacing=&#8221;5&#8243; margin_bottom=&#8221;0&#8243; font_family=&#8221;none&#8221;]Os Servi\u00e7os[\/mk_fancy_title][mk_fancy_title tag_name=&#8221;h1&#8243; color=&#8221;#474a4e&#8221; size=&#8221;35&#8243; force_font_size=&#8221;true&#8221; font_weight=&#8221;bold&#8221; margin_bottom=&#8221;0&#8243; font_family=&#8221;none&#8221;]Principais \u00e1reas de especializa\u00e7\u00e3o[\/mk_fancy_title][mk_padding_divider][\/vc_column][vc_column width=&#8221;1\/3&#8243;][mk_custom_box corner_radius=&#8221;5&#8243; padding_vertical=&#8221;50&#8243; padding_horizental=&#8221;30&#8243; margin_bottom=&#8221;0&#8243; min_height=&#8221;365&#8243; bg_color=&#8221;#ffffff&#8221; drop_shadow=&#8221;true&#8221; drop_shadow_distance=&#8221;5&#8243; drop_shadow_color=&#8221;rgba(219,219,219,0.5)&#8221; bg_stretch=&#8221;true&#8221;][mk_image src=&#8221;https:\/\/vrl-legal.com\/wp-content\/uploads\/2021\/05\/vrl-icon3-01-02-01.svg&#8221; link=&#8221;https:\/\/vrl-legal.com\/contact\/&#8221; align=&#8221;center&#8221; el_class=&#8221;img-small&#8221;][mk_fancy_title tag_name=&#8221;h1&#8243; color=&#8221;#474a4e&#8221; size=&#8221;25&#8243; force_font_size=&#8221;true&#8221; font_weight=&#8221;400&#8243; margin_bottom=&#8221;0&#8243; font_family=&#8221;none&#8221; align=&#8221;center&#8221;]<a href=\"https:\/\/vrl-legal.com\/pt-pt\/contacto\/\"> Servi\u00e7os de Consultoria de Imigra\u00e7\u00e3o <\/a>[\/mk_fancy_title][\/mk_custom_box][mk_padding_divider size=&#8221;20&#8243;][mk_custom_box corner_radius=&#8221;5&#8243; padding_vertical=&#8221;50&#8243; padding_horizental=&#8221;30&#8243; margin_bottom=&#8221;0&#8243; min_height=&#8221;365&#8243; bg_color=&#8221;#ffffff&#8221; drop_shadow=&#8221;true&#8221; drop_shadow_distance=&#8221;5&#8243; drop_shadow_color=&#8221;rgba(219,219,219,0.5)&#8221; bg_stretch=&#8221;true&#8221;][mk_image src=&#8221;https:\/\/vrl-legal.com\/wp-content\/uploads\/2021\/05\/vrl-icon5-01-02-01-02-02.svg&#8221; link=&#8221;https:\/\/vrl-legal.com\/contact\/&#8221; align=&#8221;center&#8221; el_class=&#8221;img-small&#8221;][mk_fancy_title tag_name=&#8221;h1&#8243; color=&#8221;#474a4e&#8221; size=&#8221;25&#8243; force_font_size=&#8221;true&#8221; font_weight=&#8221;400&#8243; margin_bottom=&#8221;0&#8243; font_family=&#8221;none&#8221; align=&#8221;center&#8221;]<a href=\"https:\/\/vrl-legal.com\/pt-pt\/contacto\/\"> Investimento Imobili\u00e1rio <\/a>[\/mk_fancy_title][\/mk_custom_box][mk_padding_divider size=&#8221;20&#8243;][mk_custom_box corner_radius=&#8221;5&#8243; padding_vertical=&#8221;50&#8243; padding_horizental=&#8221;30&#8243; margin_bottom=&#8221;0&#8243; min_height=&#8221;365&#8243; bg_color=&#8221;#ffffff&#8221; drop_shadow=&#8221;true&#8221; drop_shadow_distance=&#8221;5&#8243; drop_shadow_color=&#8221;rgba(219,219,219,0.5)&#8221; bg_stretch=&#8221;true&#8221;][mk_image src=&#8221;https:\/\/vrl-legal.com\/wp-content\/uploads\/2021\/05\/vrl-icon8-02.svg&#8221; link=&#8221;https:\/\/vrl-legal.com\/contact\/&#8221; align=&#8221;center&#8221; el_class=&#8221;img-small&#8221;][mk_fancy_title tag_name=&#8221;h1&#8243; color=&#8221;#474a4e&#8221; size=&#8221;25&#8243; force_font_size=&#8221;true&#8221; font_weight=&#8221;400&#8243; margin_bottom=&#8221;0&#8243; font_family=&#8221;none&#8221; align=&#8221;center&#8221;]<a href=\"https:\/\/vrl-legal.com\/pt-pt\/contacto\/\"> Resid\u00eancia Fiscal e Regime Fiscal N\u00e3o Habitual <\/a>[\/mk_fancy_title][\/mk_custom_box][mk_padding_divider size=&#8221;20&#8243;][mk_custom_box corner_radius=&#8221;5&#8243; padding_vertical=&#8221;50&#8243; padding_horizental=&#8221;30&#8243; margin_bottom=&#8221;0&#8243; min_height=&#8221;365&#8243; bg_color=&#8221;#ffffff&#8221; drop_shadow=&#8221;true&#8221; drop_shadow_distance=&#8221;5&#8243; drop_shadow_color=&#8221;rgba(219,219,219,0.5)&#8221; bg_stretch=&#8221;true&#8221;][mk_image src=&#8221;https:\/\/vrl-legal.com\/wp-content\/uploads\/2021\/05\/vrl-icon11-02.svg&#8221; link=&#8221;https:\/\/vrl-legal.com\/contact\/&#8221; align=&#8221;center&#8221; el_class=&#8221;img-small&#8221;][mk_fancy_title tag_name=&#8221;h1&#8243; color=&#8221;#474a4e&#8221; size=&#8221;25&#8243; force_font_size=&#8221;true&#8221; font_weight=&#8221;400&#8243; margin_bottom=&#8221;0&#8243; font_family=&#8221;none&#8221; align=&#8221;center&#8221;]<a href=\"https:\/\/vrl-legal.com\/pt-pt\/contacto\/\"> Start Up &amp; Tech Visa <\/a>[\/mk_fancy_title][\/mk_custom_box][\/vc_column][vc_column width=&#8221;1\/3&#8243;][mk_custom_box corner_radius=&#8221;5&#8243; padding_vertical=&#8221;50&#8243; padding_horizental=&#8221;30&#8243; margin_bottom=&#8221;0&#8243; min_height=&#8221;365&#8243; bg_color=&#8221;#ffffff&#8221; drop_shadow=&#8221;true&#8221; drop_shadow_distance=&#8221;5&#8243; drop_shadow_color=&#8221;rgba(219,219,219,0.5)&#8221; bg_stretch=&#8221;true&#8221;][mk_image src=&#8221;https:\/\/vrl-legal.com\/wp-content\/uploads\/2021\/05\/vrl-icon4-01-02-01-02.svg&#8221; link=&#8221;https:\/\/vrl-legal.com\/contact\/&#8221; align=&#8221;center&#8221; el_class=&#8221;img-small&#8221;][mk_fancy_title tag_name=&#8221;h1&#8243; color=&#8221;#474a4e&#8221; size=&#8221;25&#8243; force_font_size=&#8221;true&#8221; font_weight=&#8221;400&#8243; margin_bottom=&#8221;0&#8243; font_family=&#8221;none&#8221; align=&#8221;center&#8221;]<a href=\"https:\/\/vrl-legal.com\/pt-pt\/contacto\/\"> Transfer\u00eancia de Resid\u00eancia para Portugal &#8211; Vistos e Autoriza\u00e7\u00f5es de Resid\u00eancia <\/a>[\/mk_fancy_title][\/mk_custom_box][mk_padding_divider size=&#8221;20&#8243;][mk_custom_box corner_radius=&#8221;5&#8243; padding_vertical=&#8221;50&#8243; padding_horizental=&#8221;15&#8243; margin_bottom=&#8221;0&#8243; min_height=&#8221;365&#8243; bg_color=&#8221;#ffffff&#8221; drop_shadow=&#8221;true&#8221; drop_shadow_distance=&#8221;5&#8243; drop_shadow_color=&#8221;rgba(219,219,219,0.5)&#8221; bg_stretch=&#8221;true&#8221;][mk_image src=&#8221;https:\/\/vrl-legal.com\/wp-content\/uploads\/2021\/05\/vrl-icon6-01-02-01-02-02-02.svg&#8221; link=&#8221;https:\/\/vrl-legal.com\/contact\/&#8221; align=&#8221;center&#8221; el_class=&#8221;img-small&#8221;][mk_fancy_title tag_name=&#8221;h1&#8243; color=&#8221;#474a4e&#8221; size=&#8221;25&#8243; force_font_size=&#8221;true&#8221; font_weight=&#8221;400&#8243; margin_bottom=&#8221;0&#8243; font_family=&#8221;none&#8221; align=&#8221;center&#8221;]<a href=\"https:\/\/vrl-legal.com\/pt-pt\/contacto\/\"> Constitui\u00e7\u00e3o de Empresas e Desenvolvimento da Atividade Empresarial <\/a>[\/mk_fancy_title][\/mk_custom_box][mk_padding_divider size=&#8221;20&#8243;][mk_custom_box corner_radius=&#8221;5&#8243; padding_vertical=&#8221;50&#8243; padding_horizental=&#8221;30&#8243; margin_bottom=&#8221;0&#8243; min_height=&#8221;365&#8243; bg_color=&#8221;#ffffff&#8221; drop_shadow=&#8221;true&#8221; drop_shadow_distance=&#8221;5&#8243; drop_shadow_color=&#8221;rgba(219,219,219,0.5)&#8221; bg_stretch=&#8221;true&#8221;][mk_image src=&#8221;https:\/\/vrl-legal.com\/wp-content\/uploads\/2021\/05\/vrl-icon9-02.svg&#8221; link=&#8221;https:\/\/vrl-legal.com\/contact\/&#8221; align=&#8221;center&#8221; el_class=&#8221;img-small&#8221;][mk_fancy_title tag_name=&#8221;h1&#8243; color=&#8221;#474a4e&#8221; size=&#8221;25&#8243; force_font_size=&#8221;true&#8221; font_weight=&#8221;400&#8243; margin_bottom=&#8221;0&#8243; font_family=&#8221;none&#8221; align=&#8221;center&#8221;]<a href=\"https:\/\/vrl-legal.com\/pt-pt\/contacto\/\"> Reloca\u00e7\u00e3o Empresarial &#8211; Transfer\u00eancia de Empresas e Trabalhadores <\/a>[\/mk_fancy_title][\/mk_custom_box][mk_padding_divider size=&#8221;20&#8243;][mk_custom_box corner_radius=&#8221;5&#8243; padding_vertical=&#8221;50&#8243; padding_horizental=&#8221;30&#8243; margin_bottom=&#8221;0&#8243; min_height=&#8221;365&#8243; bg_color=&#8221;#ffffff&#8221; drop_shadow=&#8221;true&#8221; drop_shadow_distance=&#8221;5&#8243; drop_shadow_color=&#8221;rgba(219,219,219,0.5)&#8221; bg_stretch=&#8221;true&#8221;][mk_image src=&#8221;https:\/\/vrl-legal.com\/wp-content\/uploads\/2021\/05\/vrl-icon12-02.svg&#8221; link=&#8221;https:\/\/vrl-legal.com\/contact\/&#8221; align=&#8221;center&#8221; el_class=&#8221;img-small&#8221;][mk_fancy_title tag_name=&#8221;h1&#8243; color=&#8221;#474a4e&#8221; size=&#8221;25&#8243; force_font_size=&#8221;true&#8221; font_weight=&#8221;400&#8243; margin_bottom=&#8221;0&#8243; font_family=&#8221;none&#8221; align=&#8221;center&#8221;]<a href=\"https:\/\/vrl-legal.com\/pt-pt\/contacto\/\"> Transfer\u00eancia de resid\u00eancia de N\u00f3madas Digitais <\/a>[\/mk_fancy_title][\/mk_custom_box][\/vc_column][vc_column width=&#8221;1\/3&#8243;][mk_custom_box corner_radius=&#8221;5&#8243; padding_vertical=&#8221;50&#8243; padding_horizental=&#8221;30&#8243; margin_bottom=&#8221;0&#8243; min_height=&#8221;365&#8243; bg_color=&#8221;#ffffff&#8221; drop_shadow=&#8221;true&#8221; drop_shadow_distance=&#8221;5&#8243; drop_shadow_color=&#8221;rgba(219,219,219,0.5)&#8221; bg_stretch=&#8221;true&#8221;][mk_image src=&#8221;https:\/\/vrl-legal.com\/wp-content\/uploads\/2021\/05\/vrl-icon1-01.svg&#8221; link=&#8221;https:\/\/vrl-legal.com\/contact\/&#8221; align=&#8221;center&#8221; el_class=&#8221;img-small&#8221;][mk_fancy_title tag_name=&#8221;h1&#8243; color=&#8221;#474a4e&#8221; size=&#8221;25&#8243; force_font_size=&#8221;true&#8221; font_weight=&#8221;400&#8243; margin_bottom=&#8221;0&#8243; font_family=&#8221;none&#8221; align=&#8221;center&#8221;]<a href=\"https:\/\/vrl-legal.com\/pt-pt\/contacto\/\"> Resid\u00eancia por Investimento \u2013 Visto Gold <\/a>[\/mk_fancy_title][\/mk_custom_box][mk_padding_divider size=&#8221;20&#8243;][mk_custom_box corner_radius=&#8221;5&#8243; padding_vertical=&#8221;50&#8243; padding_horizental=&#8221;30&#8243; margin_bottom=&#8221;0&#8243; min_height=&#8221;365&#8243; bg_color=&#8221;#ffffff&#8221; drop_shadow=&#8221;true&#8221; drop_shadow_distance=&#8221;5&#8243; drop_shadow_color=&#8221;rgba(219,219,219,0.5)&#8221; bg_stretch=&#8221;true&#8221;][mk_image src=&#8221;https:\/\/vrl-legal.com\/wp-content\/uploads\/2021\/05\/vrl-icon7-02.svg&#8221; link=&#8221;https:\/\/vrl-legal.com\/contact\/&#8221; align=&#8221;center&#8221; el_class=&#8221;img-small&#8221;][mk_fancy_title tag_name=&#8221;h1&#8243; color=&#8221;#474a4e&#8221; size=&#8221;25&#8243; force_font_size=&#8221;true&#8221; font_weight=&#8221;400&#8243; margin_bottom=&#8221;0&#8243; font_family=&#8221;none&#8221; align=&#8221;center&#8221;]\n<p class=\"p1\"><a href=\"https:\/\/vrl-legal.com\/pt-pt\/contacto\/\"> Nacionalidade Portuguesa <\/a><\/p>\n[\/mk_fancy_title][\/mk_custom_box][mk_padding_divider size=&#8221;20&#8243;][mk_custom_box corner_radius=&#8221;5&#8243; padding_vertical=&#8221;50&#8243; padding_horizental=&#8221;15&#8243; margin_bottom=&#8221;0&#8243; min_height=&#8221;365&#8243; bg_color=&#8221;#ffffff&#8221; drop_shadow=&#8221;true&#8221; drop_shadow_distance=&#8221;5&#8243; drop_shadow_color=&#8221;rgba(219,219,219,0.5)&#8221; bg_stretch=&#8221;true&#8221;][mk_image src=&#8221;https:\/\/vrl-legal.com\/wp-content\/uploads\/2021\/05\/vrl-icon10-02.svg&#8221; link=&#8221;https:\/\/vrl-legal.com\/contact\/&#8221; align=&#8221;center&#8221; el_class=&#8221;img-small&#8221;][mk_fancy_title tag_name=&#8221;h1&#8243; color=&#8221;#474a4e&#8221; size=&#8221;25&#8243; force_font_size=&#8221;true&#8221; font_weight=&#8221;400&#8243; margin_bottom=&#8221;0&#8243; font_family=&#8221;none&#8221; align=&#8221;center&#8221;]<a href=\"https:\/\/vrl-legal.com\/pt-pt\/contacto\/\"> Assist\u00eancia Jur\u00eddica ao Empreendedorismo &#8211; Vistos de Empreendedor e Business Angel <\/a>[\/mk_fancy_title][\/mk_custom_box][mk_padding_divider size=&#8221;20&#8243;][mk_custom_box corner_radius=&#8221;5&#8243; padding_vertical=&#8221;50&#8243; padding_horizental=&#8221;30&#8243; margin_bottom=&#8221;0&#8243; min_height=&#8221;365&#8243; bg_color=&#8221;#ffffff&#8221; drop_shadow=&#8221;true&#8221; drop_shadow_distance=&#8221;5&#8243; drop_shadow_color=&#8221;rgba(219,219,219,0.5)&#8221; bg_stretch=&#8221;true&#8221;][mk_image src=&#8221;https:\/\/vrl-legal.com\/wp-content\/uploads\/2021\/05\/vrl-icon13-02.svg&#8221; link=&#8221;https:\/\/vrl-legal.com\/contact\/&#8221; align=&#8221;center&#8221; el_class=&#8221;img-small&#8221;][mk_fancy_title tag_name=&#8221;h1&#8243; color=&#8221;#474a4e&#8221; size=&#8221;25&#8243; force_font_size=&#8221;true&#8221; font_weight=&#8221;400&#8243; margin_bottom=&#8221;0&#8243; font_family=&#8221;none&#8221; align=&#8221;center&#8221;]<a href=\"https:\/\/vrl-legal.com\/pt-pt\/contacto\/\">Project Finance<\/a>[\/mk_fancy_title][\/mk_custom_box][\/vc_column][\/mk_page_section][mk_page_section bg_color=&#8221;#1b1d21&#8243; min_height=&#8221;20&#8243; js_vertical_centered=&#8221;true&#8221; sidebar=&#8221;sidebar-1&#8243;][vc_column width=&#8221;1\/2&#8243;][mk_padding_divider size=&#8221;10&#8243;][vc_column_text css=&#8221;.vc_custom_1620390171240{margin-bottom: 0px !important;}&#8221;]<span style=\"font-size: 14px; color: #ffffff;\"><a style=\"color: #ffffff;\" href=\"https:\/\/vrl-legal.com\/pt-pt\/contacto\/\">Contactos<\/a>\u00a0 \u00a0|\u00a0 \u00a0<a style=\"color: #ffffff;\" href=\"https:\/\/vrl-legal.com\/pt-pt\/termos-e-condicoes\/\">Termos e Condi\u00e7\u00f5es<\/a>\u00a0 \u00a0|\u00a0 \u00a0<a style=\"color: #ffffff;\" href=\"https:\/\/vrl-legal.com\/pt-pt\/politica-de-privacidade\/\">Pol\u00edtica de Privacidade e Cookies<\/a><br \/>\n<\/span><em><span style=\"font-size: 12px; color: #bfbfbf;\">Responsabilidade Limitada.<\/span><\/em>[\/vc_column_text][\/vc_column][vc_column width=&#8221;1\/4&#8243;][\/vc_column][vc_column width=&#8221;1\/4&#8243;][mk_padding_divider size=&#8221;10&#8243;][mk_font_icons icon=&#8221;mk-icon-linkedin&#8221; color=&#8221;#ffffff&#8221; size=&#8221;medium&#8221; margin_horizental=&#8221;0&#8243; margin_vertical=&#8221;0&#8243; align=&#8221;right&#8221; link=&#8221;https:\/\/www.linkedin.com\/in\/vanessa-rodrigues-lima\/&#8221; target=&#8221;_blank&#8221;][\/vc_column][\/mk_page_section]\n","protected":false},"excerpt":{"rendered":"<p>[mk_page_section bg_image=&#8221;https:\/\/vrl-legal.com\/wp-content\/uploads\/2021\/05\/vrl-lawyer-areas-1.jpg&#8221; bg_color=&#8221;#f1ede2&#8243; bg_repeat=&#8221;no-repeat&#8221; bg_stretch=&#8221;true&#8221; enable_3d=&#8221;true&#8221; bg_gradient=&#8221;vertical&#8221; video_color_mask=&#8221;rgba(0,0,0,0)&#8221; gr_end=&#8221;#000000&#8243; video_opacity=&#8221;0.3&#8243; full_height=&#8221;true&#8221; sidebar=&#8221;sidebar-1&#8243;][vc_column width=&#8221;1\/6&#8243;][\/vc_column][vc_column width=&#8221;5\/6&#8243;][mk_padding_divider size=&#8221;80&#8243; visibility=&#8221;visible-sm&#8221;][mk_fancy_title tag_name=&#8221;h1&#8243; color=&#8221;#ffffff&#8221; size=&#8221;45&#8243; force_font_size=&#8221;true&#8221; font_weight=&#8221;400&#8243; margin_bottom=&#8221;0&#8243; font_family=&#8221;none&#8221; align=&#8221;right&#8221;]\u201cImigra\u00e7\u00e3o, Investimento e Clientes Privados s\u00e3o as \u00e1reas de atua\u00e7\u00e3o jur\u00eddica em foco. \u00c9 nisto que Eu sou boa. \u00c9 o que me faz feliz e realizada.\u201d[\/mk_fancy_title][mk_fancy_title tag_name=&#8221;h3&#8243; color=&#8221;#ffffff&#8221; font_weight=&#8221;400&#8243; txt_transform=&#8221;uppercase&#8221; letter_spacing=&#8221;5&#8243; [&hellip;]<\/p>\n","protected":false},"author":1,"featured_media":0,"parent":0,"menu_order":0,"comment_status":"closed","ping_status":"closed","template":"","meta":{"_mi_skip_tracking":false},"_links":{"self":[{"href":"https:\/\/vrl-legal.com\/pt-pt\/wp-json\/wp\/v2\/pages\/523"}],"collection":[{"href":"https:\/\/vrl-legal.com\/pt-pt\/wp-json\/wp\/v2\/pages"}],"about":[{"href":"https:\/\/vrl-legal.com\/pt-pt\/wp-json\/wp\/v2\/types\/page"}],"author":[{"embeddable":true,"href":"https:\/\/vrl-legal.com\/pt-pt\/wp-json\/wp\/v2\/users\/1"}],"replies":[{"embeddable":true,"href":"https:\/\/vrl-legal.com\/pt-pt\/wp-json\/wp\/v2\/comments?post=523"}],"version-history":[{"count":9,"href":"https:\/\/vrl-legal.com\/pt-pt\/wp-json\/wp\/v2\/pages\/523\/revisions"}],"predecessor-version":[{"id":579,"href":"https:\/\/vrl-legal.com\/pt-pt\/wp-json\/wp\/v2\/pages\/523\/revisions\/579"}],"wp:attachment":[{"href":"https:\/\/vrl-legal.com\/pt-pt\/wp-json\/wp\/v2\/media?parent=523"}],"curies":[{"name":"wp","href":"https:\/\/api.w.org\/{rel}","templated":true}]}}