{"id":506,"date":"2021-08-18T12:28:37","date_gmt":"2021-08-18T12:28:37","guid":{"rendered":"https:\/\/vrl-legal.com\/pro-bono\/"},"modified":"2021-08-18T12:56:42","modified_gmt":"2021-08-18T12:56:42","slug":"pro-bono","status":"publish","type":"page","link":"https:\/\/vrl-legal.com\/pt-pt\/pro-bono\/","title":{"rendered":"Pro Bono"},"content":{"rendered":"[mk_page_section bg_image=&#8221;https:\/\/vrl-legal.com\/wp-content\/uploads\/2021\/05\/vrl-lawyer-probono-4.jpg&#8221; bg_image_portrait=&#8221;https:\/\/vrl-legal.com\/wp-content\/uploads\/2021\/05\/vrl-mobile-6.jpg&#8221; bg_color=&#8221;rgba(230,229,225,0.56)&#8221; bg_position=&#8221;center center&#8221; bg_repeat=&#8221;no-repeat&#8221; bg_stretch=&#8221;true&#8221; enable_3d=&#8221;true&#8221; video_color_mask=&#8221;#000000&#8243; video_opacity=&#8221;0.2&#8243; min_height=&#8221;800&#8243; js_vertical_centered=&#8221;true&#8221; sidebar=&#8221;sidebar-1&#8243;][vc_column width=&#8221;3\/4&#8243;][mk_fancy_title tag_name=&#8221;h1&#8243; color=&#8221;#ffffff&#8221; size=&#8221;45&#8243; force_font_size=&#8221;true&#8221; font_weight=&#8221;400&#8243; margin_bottom=&#8221;0&#8243; font_family=&#8221;none&#8221;]<em> \u201cDe uma forma suave, pode agitar o mundo.\u201d <\/em>[\/mk_fancy_title][mk_fancy_title tag_name=&#8221;h3&#8243; color=&#8221;#ffffff&#8221; font_weight=&#8221;400&#8243; txt_transform=&#8221;capitalize&#8221; letter_spacing=&#8221;5&#8243; margin_top=&#8221;10&#8243; margin_bottom=&#8221;0&#8243; font_family=&#8221;none&#8221;]MAHATMA GANDHI[\/mk_fancy_title][\/vc_column][vc_column width=&#8221;1\/4&#8243;][\/vc_column][\/mk_page_section][mk_page_section layout_structure=&#8221;half_right&#8221; bg_image=&#8221;https:\/\/vrl-legal.com\/wp-content\/uploads\/2021\/05\/vrl-lawyer-probono-5.jpg&#8221; bg_image_portrait=&#8221;https:\/\/vrl-legal.com\/wp-content\/uploads\/2021\/05\/vrl-mobile-7.jpg&#8221; bg_color=&#8221;#f7f7f7&#8243; bg_stretch=&#8221;true&#8221; min_height=&#8221;650&#8243; js_vertical_centered=&#8221;true&#8221; padding_top=&#8221;100&#8243; padding_bottom=&#8221;80&#8243;][vc_column width=&#8221;5\/6&#8243;][mk_fancy_title tag_name=&#8221;span&#8221; color=&#8221;#474a4e&#8221; size=&#8221;35&#8243; force_font_size=&#8221;true&#8221; size_tablet=&#8221;30&#8243; size_phone=&#8221;20&#8243; font_weight=&#8221;bold&#8221; font_style=&#8221;normal&#8221; txt_transform=&#8221;none&#8221; font_family=&#8221;none&#8221;]Pro Bono[\/mk_fancy_title][vc_column_text css=&#8221;.vc_custom_1620237227476{margin-bottom: 0px !important;}&#8221;]Em parceria com reconhecidos intervenientes da \u00e1rea jur\u00eddica e empresarial, mas tamb\u00e9m com o apoio dos seus Clientes, a VRL Legal prestar\u00e1 aconselhamento jur\u00eddico Pro Bono a Pessoas cuja situa\u00e7\u00e3o pessoal n\u00e3o lhes permita usufruir de aconselhamento jur\u00eddico especializado em Portugal.[\/vc_column_text][mk_fancy_title tag_name=&#8221;span&#8221; color=&#8221;#474a4e&#8221; size=&#8221;22&#8243; force_font_size=&#8221;true&#8221; size_tablet=&#8221;30&#8243; size_phone=&#8221;20&#8243; font_weight=&#8221;bold&#8221; font_style=&#8221;normal&#8221; txt_transform=&#8221;none&#8221; font_family=&#8221;none&#8221;]<a class=\"js-smooth-scroll\" href=\"http:\/\/vrl-legal.com\/contact\"><span style=\"text-decoration: underline;\">Entre em contacto<\/span><\/a>[\/mk_fancy_title][\/vc_column][vc_column width=&#8221;1\/6&#8243;][\/vc_column][\/mk_page_section][mk_page_section bg_color=&#8221;#1b1d21&#8243; min_height=&#8221;20&#8243; js_vertical_centered=&#8221;true&#8221; sidebar=&#8221;sidebar-1&#8243;][vc_column width=&#8221;1\/2&#8243;][mk_padding_divider size=&#8221;10&#8243;][vc_column_text css=&#8221;.vc_custom_1620390171240{margin-bottom: 0px !important;}&#8221;]<span style=\"font-size: 14px; color: #ffffff;\"><a style=\"color: #ffffff;\" href=\"https:\/\/vrl-legal.com\/pt-pt\/contacto\/\">Contactos<\/a>\u00a0 \u00a0|\u00a0 \u00a0<a style=\"color: #ffffff;\" href=\"https:\/\/vrl-legal.com\/pt-pt\/termos-e-condicoes\/\">Termos e Condi\u00e7\u00f5es<\/a>\u00a0 \u00a0|\u00a0 \u00a0<a style=\"color: #ffffff;\" href=\"https:\/\/vrl-legal.com\/pt-pt\/politica-de-privacidade\/\">Pol\u00edtica de Privacidade e Cookies<\/a><br \/>\n<\/span><em><span style=\"font-size: 12px; color: #bfbfbf;\">Responsabilidade Limitada.<\/span><\/em>[\/vc_column_text][\/vc_column][vc_column width=&#8221;1\/4&#8243;][\/vc_column][vc_column width=&#8221;1\/4&#8243;][mk_padding_divider size=&#8221;10&#8243;][mk_font_icons icon=&#8221;mk-icon-linkedin&#8221; color=&#8221;#ffffff&#8221; size=&#8221;medium&#8221; margin_horizental=&#8221;0&#8243; margin_vertical=&#8221;0&#8243; align=&#8221;right&#8221; link=&#8221;https:\/\/www.linkedin.com\/in\/vanessa-rodrigues-lima\/&#8221; target=&#8221;_blank&#8221;][\/vc_column][\/mk_page_section]\n","protected":false},"excerpt":{"rendered":"<p>[mk_page_section bg_image=&#8221;https:\/\/vrl-legal.com\/wp-content\/uploads\/2021\/05\/vrl-lawyer-probono-4.jpg&#8221; bg_image_portrait=&#8221;https:\/\/vrl-legal.com\/wp-content\/uploads\/2021\/05\/vrl-mobile-6.jpg&#8221; bg_color=&#8221;rgba(230,229,225,0.56)&#8221; bg_position=&#8221;center center&#8221; bg_repeat=&#8221;no-repeat&#8221; bg_stretch=&#8221;true&#8221; enable_3d=&#8221;true&#8221; video_color_mask=&#8221;#000000&#8243; video_opacity=&#8221;0.2&#8243; min_height=&#8221;800&#8243; js_vertical_centered=&#8221;true&#8221; sidebar=&#8221;sidebar-1&#8243;][vc_column width=&#8221;3\/4&#8243;][mk_fancy_title tag_name=&#8221;h1&#8243; color=&#8221;#ffffff&#8221; size=&#8221;45&#8243; force_font_size=&#8221;true&#8221; font_weight=&#8221;400&#8243; margin_bottom=&#8221;0&#8243; font_family=&#8221;none&#8221;] \u201cDe uma forma suave, pode agitar o mundo.\u201d [\/mk_fancy_title][mk_fancy_title tag_name=&#8221;h3&#8243; color=&#8221;#ffffff&#8221; font_weight=&#8221;400&#8243; txt_transform=&#8221;capitalize&#8221; letter_spacing=&#8221;5&#8243; margin_top=&#8221;10&#8243; margin_bottom=&#8221;0&#8243; font_family=&#8221;none&#8221;]MAHATMA GANDHI[\/mk_fancy_title][\/vc_column][vc_column width=&#8221;1\/4&#8243;][\/vc_column][\/mk_page_section][mk_page_section layout_structure=&#8221;half_right&#8221; bg_image=&#8221;https:\/\/vrl-legal.com\/wp-content\/uploads\/2021\/05\/vrl-lawyer-probono-5.jpg&#8221; bg_image_portrait=&#8221;https:\/\/vrl-legal.com\/wp-content\/uploads\/2021\/05\/vrl-mobile-7.jpg&#8221; bg_color=&#8221;#f7f7f7&#8243; bg_stretch=&#8221;true&#8221; min_height=&#8221;650&#8243; js_vertical_centered=&#8221;true&#8221; padding_top=&#8221;100&#8243; padding_bottom=&#8221;80&#8243;][vc_column width=&#8221;5\/6&#8243;][mk_fancy_title tag_name=&#8221;span&#8221; color=&#8221;#474a4e&#8221; size=&#8221;35&#8243; force_font_size=&#8221;true&#8221; [&hellip;]<\/p>\n","protected":false},"author":1,"featured_media":0,"parent":0,"menu_order":0,"comment_status":"closed","ping_status":"closed","template":"","meta":{"_mi_skip_tracking":false},"_links":{"self":[{"href":"https:\/\/vrl-legal.com\/pt-pt\/wp-json\/wp\/v2\/pages\/506"}],"collection":[{"href":"https:\/\/vrl-legal.com\/pt-pt\/wp-json\/wp\/v2\/pages"}],"about":[{"href":"https:\/\/vrl-legal.com\/pt-pt\/wp-json\/wp\/v2\/types\/page"}],"author":[{"embeddable":true,"href":"https:\/\/vrl-legal.com\/pt-pt\/wp-json\/wp\/v2\/users\/1"}],"replies":[{"embeddable":true,"href":"https:\/\/vrl-legal.com\/pt-pt\/wp-json\/wp\/v2\/comments?post=506"}],"version-history":[{"count":3,"href":"https:\/\/vrl-legal.com\/pt-pt\/wp-json\/wp\/v2\/pages\/506\/revisions"}],"predecessor-version":[{"id":563,"href":"https:\/\/vrl-legal.com\/pt-pt\/wp-json\/wp\/v2\/pages\/506\/revisions\/563"}],"wp:attachment":[{"href":"https:\/\/vrl-legal.com\/pt-pt\/wp-json\/wp\/v2\/media?parent=506"}],"curies":[{"name":"wp","href":"https:\/\/api.w.org\/{rel}","templated":true}]}}